{"id":119,"date":"2026-01-16T10:58:25","date_gmt":"2026-01-16T10:58:25","guid":{"rendered":"https:\/\/decodeur-anti-extreme.fr\/?page_id=119"},"modified":"2026-01-21T16:19:11","modified_gmt":"2026-01-21T16:19:11","slug":"pedagogique-sur-la-liberte-dexpression","status":"publish","type":"page","link":"https:\/\/decodeur-anti-extreme.fr\/en\/decodeur-moqueur__trashed\/comprendre-demeler-agir\/la-desinformation\/pedagogique-sur-la-liberte-dexpression\/","title":{"rendered":"P\u00e9dagogique sur la Libert\u00e9 d\u2019Expression"},"content":{"rendered":"<!DOCTYPE html>\n<html lang=\"fr\">\n<head>\n  <meta charset=\"UTF-8\" \/>\n  <meta name=\"viewport\" content=\"width=device-width, initial-scale=1.0\" \/>\n  <title>Affiche P\u00e9dagogique &#8211; Libert\u00e9 d\u2019Expression<\/title>\n  <style>\n    @import url('https:\/\/fonts.googleapis.com\/css2?family=Montserrat&display=swap');\n\n    body {\n      margin: 0;\n      padding: 0;\n      font-family: 'Montserrat', sans-serif;\n      background-color: #fafafa;\n      color: #333;\n    }\n\n    .container {\n      max-width: 900px;\n      margin: auto;\n      padding: 20px;\n    }\n\n    .header {\n      text-align: center;\n      color: #2F80ED;\n    }\n\n    .header h1 {\n      font-size: 2.8rem;\n      margin-bottom: 0.2em;\n    }\n\n    .subtitle {\n      color: #555;\n      font-style: italic;\n      font-size: 1.2rem;\n      margin-top: 0;\n    }\n\n    .grid {\n      display: grid;\n      grid-template-columns: repeat(auto-fit, minmax(300px, 1fr));\n      gap: 20px;\n      margin-top: 30px;\n    }\n\n    .card {\n      background: #fff;\n      border-radius: 8px;\n      box-shadow: 0 2px 8px rgba(0,0,0,0.1);\n      padding: 15px;\n      display: flex;\n      align-items: flex-start;\n      gap: 15px;\n    }\n\n    .icon {\n      font-size: 48px;\n      line-height: 1;\n      flex-shrink: 0;\n    }\n\n    .card-content h3 {\n      margin: 0 0 5px 0;\n      font-weight: 700;\n    }\n\n    .card-content em {\n      display: block;\n      margin-bottom: 10px;\n      color: #666;\n      font-style: italic;\n    }\n\n    .synthesis {\n      background: #F2F2F2;\n      padding: 20px;\n      text-align: center;\n      margin-top: 40px;\n      border-radius: 8px;\n      font-size: 1.1rem;\n    }\n\n    .signature {\n      text-align: center;\n      font-size: 0.9em;\n      font-style: italic;\n      margin-top: 20px;\n      color: #777;\n    }\n\n    \/* Couleurs dominantes pour les titres des cartes *\/\n    .color-blue { color: #2F80ED; }\n    .color-green { color: #27AE60; }\n    .color-orange { color: #F2994A; }\n    .color-red { color: #EB5757; }\n    .color-purple { color: #9B51E0; }\n\n    \/* Responsive adjustments *\/\n    @media (max-width: 600px) {\n      .header h1 {\n        font-size: 2rem;\n      }\n      .subtitle {\n        font-size: 1rem;\n      }\n    }\n  <\/style>\n<\/head>\n<body>\n  <div class=\"container\">\n    <header class=\"header\">\n      <h1>Libert\u00e9 d\u2019Expression<\/h1>\n      <h2 class=\"subtitle\">Un droit fondamental pour tous<\/h2>\n    <\/header>\n\n    <section class=\"grid\">\n      <article class=\"card\">\n        <div class=\"icon\" aria-hidden=\"true\">\ud83d\udde3\ufe0f<\/div>\n        <div class=\"card-content\">\n          <h3 class=\"color-blue\">D\u00e9finition<\/h3>\n          <em>Le droit de s\u2019exprimer librement.<\/em>\n          <p>La libert\u00e9 d\u2019expression permet \u00e0 chacun de partager ses id\u00e9es, opinions et convictions sans crainte de censure.<\/p>\n        <\/div>\n      <\/article>\n\n      <article class=\"card\">\n        <div class=\"icon\" aria-hidden=\"true\">\u2696\ufe0f<\/div>\n        <div class=\"card-content\">\n          <h3 class=\"color-green\">Cadre l\u00e9gal<\/h3>\n          <em>Prot\u00e9g\u00e9e par la loi.<\/em>\n          <p>Elle est garantie par la D\u00e9claration des Droits de l\u2019Homme et du Citoyen ainsi que par la Convention Europ\u00e9enne des Droits de l\u2019Homme.<\/p>\n        <\/div>\n      <\/article>\n\n      <article class=\"card\">\n        <div class=\"icon\" aria-hidden=\"true\">\ud83e\udd1d<\/div>\n        <div class=\"card-content\">\n          <h3 class=\"color-orange\">Limites<\/h3>\n          <em>Responsabilit\u00e9 et respect.<\/em>\n          <p>La libert\u00e9 d\u2019expression ne doit pas porter atteinte aux droits d\u2019autrui, ni inciter \u00e0 la haine ou \u00e0 la violence.<\/p>\n        <\/div>\n      <\/article>\n\n      <article class=\"card\">\n        <div class=\"icon\" aria-hidden=\"true\">\ud83d\udce2<\/div>\n        <div class=\"card-content\">\n          <h3 class=\"color-red\">Importance sociale<\/h3>\n          <em>Un pilier de la d\u00e9mocratie.<\/em>\n          <p>Elle favorise le d\u00e9bat public, la transparence et la participation citoyenne.<\/p>\n        <\/div>\n      <\/article>\n\n      <article class=\"card\">\n        <div class=\"icon\" aria-hidden=\"true\">\ud83d\udcf0<\/div>\n        <div class=\"card-content\">\n          <h3 class=\"color-purple\">M\u00e9dias<\/h3>\n          <em>Un r\u00f4le essentiel.<\/em>\n          <p>Les m\u00e9dias sont des vecteurs cl\u00e9s pour garantir la libert\u00e9 d\u2019expression et informer le public.<\/p>\n        <\/div>\n      <\/article>\n\n      <article class=\"card\">\n        <div class=\"icon\" aria-hidden=\"true\">\ud83c\udf10<\/div>\n        <div class=\"card-content\">\n          <h3 class=\"color-blue\">Internet<\/h3>\n          <em>Un espace de libert\u00e9.<\/em>\n          <p>Le web offre une plateforme mondiale pour l\u2019expression, mais pose aussi des d\u00e9fis en mati\u00e8re de mod\u00e9ration et de respect.<\/p>\n        <\/div>\n      <\/article>\n    <\/section>\n\n    <section class=\"synthesis\">\n      <p>La libert\u00e9 d\u2019expression est un droit fondamental qui doit \u00eatre prot\u00e9g\u00e9 et exerc\u00e9 avec responsabilit\u00e9 pour garantir une soci\u00e9t\u00e9 juste et d\u00e9mocratique.<\/p>\n    <\/section>\n\n    <footer class=\"signature\">\n      <p>\u00a9 2024 &#8211; Pour en savoir plus, visitez <a href=\"\/en\/\">notre site<\/a>.<\/p>\n    <\/footer>\n  <\/div>\n<\/body>\n<\/html>","protected":false},"excerpt":{"rendered":"<p>Affiche P\u00e9dagogique &#8211; Libert\u00e9 d\u2019Expression Libert\u00e9 d\u2019Expression Un droit fondamental pour tous \ud83d\udde3\ufe0f D\u00e9finition Le droit de s\u2019exprimer librement. La libert\u00e9 d\u2019expression permet \u00e0 chacun de partager ses id\u00e9es, opinions et convictions sans crainte de censure. \u2696\ufe0f Cadre l\u00e9gal Prot\u00e9g\u00e9e par la loi. Elle est garantie par la D\u00e9claration des Droits de l\u2019Homme et du [&hellip;]<\/p>\n","protected":false},"author":1,"featured_media":0,"parent":12,"menu_order":0,"comment_status":"closed","ping_status":"closed","template":"","meta":{"_seopress_robots_primary_cat":"","_seopress_titles_title":"","_seopress_titles_desc":"","_seopress_robots_index":"","_uf_show_specific_survey":0,"_uf_disable_surveys":false,"footnotes":""},"class_list":["post-119","page","type-page","status-publish","hentry"],"blocksy_meta":[],"_hostinger_reach_plugin_has_subscription_block":false,"_hostinger_reach_plugin_is_elementor":false,"_links":{"self":[{"href":"https:\/\/decodeur-anti-extreme.fr\/en\/wp-json\/wp\/v2\/pages\/119","targetHints":{"allow":["GET"]}}],"collection":[{"href":"https:\/\/decodeur-anti-extreme.fr\/en\/wp-json\/wp\/v2\/pages"}],"about":[{"href":"https:\/\/decodeur-anti-extreme.fr\/en\/wp-json\/wp\/v2\/types\/page"}],"author":[{"embeddable":true,"href":"https:\/\/decodeur-anti-extreme.fr\/en\/wp-json\/wp\/v2\/users\/1"}],"replies":[{"embeddable":true,"href":"https:\/\/decodeur-anti-extreme.fr\/en\/wp-json\/wp\/v2\/comments?post=119"}],"version-history":[{"count":1,"href":"https:\/\/decodeur-anti-extreme.fr\/en\/wp-json\/wp\/v2\/pages\/119\/revisions"}],"predecessor-version":[{"id":120,"href":"https:\/\/decodeur-anti-extreme.fr\/en\/wp-json\/wp\/v2\/pages\/119\/revisions\/120"}],"up":[{"embeddable":true,"href":"https:\/\/decodeur-anti-extreme.fr\/en\/wp-json\/wp\/v2\/pages\/12"}],"wp:attachment":[{"href":"https:\/\/decodeur-anti-extreme.fr\/en\/wp-json\/wp\/v2\/media?parent=119"}],"curies":[{"name":"wp","href":"https:\/\/api.w.org\/{rel}","templated":true}]}}