{"id":176,"date":"2026-01-20T16:59:39","date_gmt":"2026-01-20T16:59:39","guid":{"rendered":"https:\/\/decodeur-anti-extreme.fr\/?page_id=176"},"modified":"2026-01-21T19:30:00","modified_gmt":"2026-01-21T19:30:00","slug":"reflexion-sur-les-debats","status":"publish","type":"page","link":"https:\/\/decodeur-anti-extreme.fr\/en\/reflexion-sur-les-debats\/","title":{"rendered":"REFLEXION SUR LES DEBATS"},"content":{"rendered":"<p>allez ont lance un d\u00e9bat, sans insulte, sans troll, mince s&rsquo;est long a lire, mais savoir lire s&rsquo;est aussi d\u00e9battre calmement .a quoi servent les insultes et compagnie, a rien<\/p>\n\n\n\n<p>Mesdames, Messieurs,<\/p>\n\n\n\n<p>Amis, voisins, concitoyens,<\/p>\n\n\n\n<p>Je ne suis pas un responsable politique.<\/p>\n\n\n\n<p>Je ne suis pas un expert.<\/p>\n\n\n\n<p>Je suis simplement un citoyen.<\/p>\n\n\n\n<p>Un citoyen qui aime profond\u00e9ment la France,<\/p>\n\n\n\n<p>et qui refuse de la voir se d\u00e9chirer en silence.<\/p>\n\n\n\n<p>Depuis des mois, nous voyons le d\u00e9bat se refermer.<\/p>\n\n\n\n<p>Au Parlement, dans les m\u00e9dias, dans nos villages, dans nos familles.<\/p>\n\n\n\n<p>On ne s\u2019\u00e9coute plus.<\/p>\n\n\n\n<p>On se parle \u00e0 travers des slogans, des col\u00e8res, des certitudes.<\/p>\n\n\n\n<p>Et petit \u00e0 petit, quelque chose d\u2019essentiel s\u2019ab\u00eeme :<\/p>\n\n\n\n<p>la confiance.<\/p>\n\n\n\n<p>Pourtant, la France ne s\u2019est jamais construite dans le silence.<\/p>\n\n\n\n<p>Elle s\u2019est construite dans la discussion,<\/p>\n\n\n\n<p>dans la contradiction,<\/p>\n\n\n\n<p>dans la capacit\u00e9 \u00e0 confronter nos id\u00e9es sans nous d\u00e9tester.<\/p>\n\n\n\n<p>C\u2019est cela, notre h\u00e9ritage.<\/p>\n\n\n\n<p>C\u2019est cela, notre force.<\/p>\n\n\n\n<p>Aujourd\u2019hui, beaucoup de Fran\u00e7ais n\u2019y croient plus.<\/p>\n\n\n\n<p>Ils pensent que parler ne sert \u00e0 rien.<\/p>\n\n\n\n<p>Que tout est d\u00e9cid\u00e9 ailleurs.<\/p>\n\n\n\n<p>Que leur voix ne compte plus.<\/p>\n\n\n\n<p>Et je comprends cette fatigue, cette lassitude, cette col\u00e8re.<\/p>\n\n\n\n<p>Je la ressens aussi.<\/p>\n\n\n\n<p>Mais je refuse d\u2019y renoncer.<\/p>\n\n\n\n<p>Parce que si nous abandonnons le dialogue,<\/p>\n\n\n\n<p>alors nous abandonnons la d\u00e9mocratie.<\/p>\n\n\n\n<p>Et si nous abandonnons la d\u00e9mocratie,<\/p>\n\n\n\n<p>alors d\u2019autres, plus bruyants, plus radicaux,<\/p>\n\n\n\n<p>parleront \u00e0 notre place.<\/p>\n\n\n\n<p>Alors je veux dire ceci, simplement, calmement, sinc\u00e8rement :<\/p>\n\n\n\n<p>Nous pouvons retrouver confiance.<\/p>\n\n\n\n<p>Nous pouvons retrouver le go\u00fbt de la discussion.<\/p>\n\n\n\n<p>Nous pouvons reconstruire ce qui a \u00e9t\u00e9 ab\u00eem\u00e9.<\/p>\n\n\n\n<p>Comment ?<\/p>\n\n\n\n<p>En recommen\u00e7ant par le d\u00e9but.<\/p>\n\n\n\n<p>En nous parlant.<\/p>\n\n\n\n<p>En nous \u00e9coutant.<\/p>\n\n\n\n<p>En acceptant que l\u2019autre ne pense pas comme nous.<\/p>\n\n\n\n<p>En refusant les caricatures.<\/p>\n\n\n\n<p>En refusant les raccourcis.<\/p>\n\n\n\n<p>En refusant les discours qui divisent pour mieux r\u00e9gner.<\/p>\n\n\n\n<p>La d\u00e9mocratie n\u2019a pas besoin de h\u00e9ros.<\/p>\n\n\n\n<p>Elle a besoin de citoyens.<\/p>\n\n\n\n<p>De citoyens qui discutent.<\/p>\n\n\n\n<p>De citoyens qui expliquent.<\/p>\n\n\n\n<p>De citoyens qui tendent la main, m\u00eame quand c\u2019est difficile.<\/p>\n\n\n\n<p>Je ne vous demande pas d\u2019\u00eatre d\u2019accord avec moi.<\/p>\n\n\n\n<p>Je vous demande juste de croire que la parole a encore un sens.<\/p>\n\n\n\n<p>Que la nuance n\u2019est pas une faiblesse.<\/p>\n\n\n\n<p>Que le respect n\u2019est pas une na\u00efvet\u00e9.<\/p>\n\n\n\n<p>Que la France m\u00e9rite mieux que des monologues et des col\u00e8res sans fin.<\/p>\n\n\n\n<p>Nous avons le droit d\u2019\u00eatre inquiets.<\/p>\n\n\n\n<p>Nous avons le droit d\u2019\u00eatre en d\u00e9saccord.<\/p>\n\n\n\n<p>Mais nous avons aussi le devoir de continuer \u00e0 parler.<\/p>\n\n\n\n<p>Parce que c\u2019est ainsi que les peuples libres avancent.<\/p>\n\n\n\n<p>Parce que c\u2019est ainsi que les crises se r\u00e9solvent.<\/p>\n\n\n\n<p>Parce que c\u2019est ainsi que la France se rel\u00e8ve,<\/p>\n\n\n\n<p>toujours, depuis des si\u00e8cles.<\/p>\n\n\n\n<p>Alors aujourd\u2019hui, je fais ma part.<\/p>\n\n\n\n<p>Je parle.<\/p>\n\n\n\n<p>J\u2019\u00e9coute.<\/p>\n\n\n\n<p>Je tends la main.<\/p>\n\n\n\n<p>Et je vous invite \u00e0 faire la v\u00f4tre.<\/p>\n\n\n\n<p>Pas pour moi.<\/p>\n\n\n\n<p>Pas pour un parti.<\/p>\n\n\n\n<p>Pas pour une id\u00e9ologie.<\/p>\n\n\n\n<p>Mais pour nous.<\/p>\n\n\n\n<p>Pour nos enfants.<\/p>\n\n\n\n<p>Pour notre pays.<\/p>\n\n\n\n<p>La France vaut mieux que le silence.<\/p>\n\n\n\n<p>La France vaut mieux que la peur.<\/p>\n\n\n\n<p>La France vaut mieux que la r\u00e9signation.<\/p>\n\n\n\n<p>Retrouvons le go\u00fbt de la discussion.<\/p>\n\n\n\n<p>Retrouvons la confiance.<\/p>\n\n\n\n<p>Retrouvons-nous.<\/p>\n\n\n\n<p>Merci.<\/p>","protected":false},"excerpt":{"rendered":"<p>allez ont lance un d\u00e9bat, sans insulte, sans troll, mince s&rsquo;est long a lire, mais savoir lire s&rsquo;est aussi d\u00e9battre calmement .a quoi servent les insultes et compagnie, a rien Mesdames, Messieurs, Amis, voisins, concitoyens, Je ne suis pas un responsable politique. Je ne suis pas un expert. Je suis simplement un citoyen. Un citoyen [&hellip;]<\/p>\n","protected":false},"author":1,"featured_media":0,"parent":0,"menu_order":0,"comment_status":"closed","ping_status":"closed","template":"","meta":{"_seopress_robots_primary_cat":"","_seopress_titles_title":"","_seopress_titles_desc":"","_seopress_robots_index":"","_uf_show_specific_survey":0,"_uf_disable_surveys":false,"footnotes":""},"class_list":["post-176","page","type-page","status-publish","hentry"],"blocksy_meta":[],"_hostinger_reach_plugin_has_subscription_block":false,"_hostinger_reach_plugin_is_elementor":false,"_links":{"self":[{"href":"https:\/\/decodeur-anti-extreme.fr\/en\/wp-json\/wp\/v2\/pages\/176","targetHints":{"allow":["GET"]}}],"collection":[{"href":"https:\/\/decodeur-anti-extreme.fr\/en\/wp-json\/wp\/v2\/pages"}],"about":[{"href":"https:\/\/decodeur-anti-extreme.fr\/en\/wp-json\/wp\/v2\/types\/page"}],"author":[{"embeddable":true,"href":"https:\/\/decodeur-anti-extreme.fr\/en\/wp-json\/wp\/v2\/users\/1"}],"replies":[{"embeddable":true,"href":"https:\/\/decodeur-anti-extreme.fr\/en\/wp-json\/wp\/v2\/comments?post=176"}],"version-history":[{"count":1,"href":"https:\/\/decodeur-anti-extreme.fr\/en\/wp-json\/wp\/v2\/pages\/176\/revisions"}],"predecessor-version":[{"id":177,"href":"https:\/\/decodeur-anti-extreme.fr\/en\/wp-json\/wp\/v2\/pages\/176\/revisions\/177"}],"wp:attachment":[{"href":"https:\/\/decodeur-anti-extreme.fr\/en\/wp-json\/wp\/v2\/media?parent=176"}],"curies":[{"name":"wp","href":"https:\/\/api.w.org\/{rel}","templated":true}]}}