{"id":214,"date":"2026-01-24T05:35:35","date_gmt":"2026-01-24T05:35:35","guid":{"rendered":"https:\/\/decodeur-anti-extreme.fr\/?page_id=214"},"modified":"2026-01-24T05:46:23","modified_gmt":"2026-01-24T05:46:23","slug":"lettre-dun-ancien-facho","status":"publish","type":"page","link":"https:\/\/decodeur-anti-extreme.fr\/en\/agir-ensemble\/lettre-dun-ancien-facho\/","title":{"rendered":"Lettre d\u2019un ancien facho"},"content":{"rendered":"<p><img decoding=\"async\" height=\"16\" width=\"16\" alt=\"\u270a\" src=\"https:\/\/static.xx.fbcdn.net\/images\/emoji.php\/v9\/t5f\/1\/16\/270a.png\"> Lettre d\u2019un ancien facho \u2014 pour ceux qui veulent encore croire en l\u2019humain<\/p>\n\n\n\n<p>Je n\u2019ai pas honte de dire que j\u2019ai eu honte.<\/p>\n\n\n\n<p>Honte d\u2019avoir cru que la haine pouvait prot\u00e9ger.<\/p>\n\n\n\n<p>Honte d\u2019avoir pens\u00e9 qu\u2019en rejetant l\u2019autre, je d\u00e9fendais les miens.<\/p>\n\n\n\n<p>J\u2019ai \u00e9t\u00e9 facho, \u00e9go\u00efste, enferm\u00e9 dans mes peurs.<\/p>\n\n\n\n<p>Mais j\u2019ai ouvert les yeux.<\/p>\n\n\n\n<p>Le racisme n\u2019a pas de couleur unique.<\/p>\n\n\n\n<p>Il se cache derri\u00e8re des mots comme \u00ab\u00a0phobie\u00a0\u00bb, \u00ab\u00a0tradition\u00a0\u00bb, \u00ab\u00a0s\u00e9curit\u00e9\u00a0\u00bb.<\/p>\n\n\n\n<p>Il se glisse dans les discours extr\u00eames, qu\u2019ils soient de droite ou de gauche.<\/p>\n\n\n\n<p>Il divise, il exclut, il d\u00e9truit.<\/p>\n\n\n\n<p>L\u2019antis\u00e9mitisme, l\u2019islamophobie, la christianophobie \u2014 ce sont des visages d\u2019un m\u00eame poison.<\/p>\n\n\n\n<p>Celui qui pousse les peuples \u00e0 ne s\u2019aimer qu\u2019eux-m\u00eames.<\/p>\n\n\n\n<p>Celui qui transforme la peur en rejet, et le rejet en violence.<\/p>\n\n\n\n<p>Aujourd\u2019hui, je dis non.<\/p>\n\n\n\n<p>Non aux extr\u00eames qui attisent la haine.<\/p>\n\n\n\n<p>Non aux discours qui d\u00e9guisent le racisme en patriotisme.<\/p>\n\n\n\n<p>Non \u00e0 l\u2019ego qui veut dominer au lieu de comprendre.<\/p>\n\n\n\n<p>Je ne suis pas parfait.<\/p>\n\n\n\n<p>Mais je suis en chemin.<\/p>\n\n\n\n<p>Et je tends la main \u00e0 ceux qui veulent avancer, ensemble, sans haine.<\/p>\n\n\n\n<p>Et surtout, j\u2019envoie un message d\u2019amiti\u00e9 \u00e0 tous les peuples.<\/p>\n\n\n\n<p>Peu importe leur origine, leur croyance, leur histoire.<\/p>\n\n\n\n<p>Car c\u2019est ensemble qu\u2019on avance. Pas en se tournant le dos.<\/p>","protected":false},"excerpt":{"rendered":"<p>Lettre d\u2019un ancien facho \u2014 pour ceux qui veulent encore croire en l\u2019humain Je n\u2019ai pas honte de dire que j\u2019ai eu honte. Honte d\u2019avoir cru que la haine pouvait prot\u00e9ger. Honte d\u2019avoir pens\u00e9 qu\u2019en rejetant l\u2019autre, je d\u00e9fendais les miens. J\u2019ai \u00e9t\u00e9 facho, \u00e9go\u00efste, enferm\u00e9 dans mes peurs. Mais j\u2019ai ouvert les yeux. Le [&hellip;]<\/p>\n","protected":false},"author":1,"featured_media":216,"parent":16,"menu_order":0,"comment_status":"closed","ping_status":"closed","template":"","meta":{"_seopress_robots_primary_cat":"","_seopress_titles_title":"","_seopress_titles_desc":"","_seopress_robots_index":"","_uf_show_specific_survey":0,"_uf_disable_surveys":false,"footnotes":""},"class_list":["post-214","page","type-page","status-publish","has-post-thumbnail","hentry"],"blocksy_meta":[],"_hostinger_reach_plugin_has_subscription_block":false,"_hostinger_reach_plugin_is_elementor":false,"_links":{"self":[{"href":"https:\/\/decodeur-anti-extreme.fr\/en\/wp-json\/wp\/v2\/pages\/214","targetHints":{"allow":["GET"]}}],"collection":[{"href":"https:\/\/decodeur-anti-extreme.fr\/en\/wp-json\/wp\/v2\/pages"}],"about":[{"href":"https:\/\/decodeur-anti-extreme.fr\/en\/wp-json\/wp\/v2\/types\/page"}],"author":[{"embeddable":true,"href":"https:\/\/decodeur-anti-extreme.fr\/en\/wp-json\/wp\/v2\/users\/1"}],"replies":[{"embeddable":true,"href":"https:\/\/decodeur-anti-extreme.fr\/en\/wp-json\/wp\/v2\/comments?post=214"}],"version-history":[{"count":1,"href":"https:\/\/decodeur-anti-extreme.fr\/en\/wp-json\/wp\/v2\/pages\/214\/revisions"}],"predecessor-version":[{"id":215,"href":"https:\/\/decodeur-anti-extreme.fr\/en\/wp-json\/wp\/v2\/pages\/214\/revisions\/215"}],"up":[{"embeddable":true,"href":"https:\/\/decodeur-anti-extreme.fr\/en\/wp-json\/wp\/v2\/pages\/16"}],"wp:featuredmedia":[{"embeddable":true,"href":"https:\/\/decodeur-anti-extreme.fr\/en\/wp-json\/wp\/v2\/media\/216"}],"wp:attachment":[{"href":"https:\/\/decodeur-anti-extreme.fr\/en\/wp-json\/wp\/v2\/media?parent=214"}],"curies":[{"name":"wp","href":"https:\/\/api.w.org\/{rel}","templated":true}]}}