{"id":217,"date":"2026-01-25T02:43:49","date_gmt":"2026-01-25T02:43:49","guid":{"rendered":"https:\/\/decodeur-anti-extreme.fr\/?page_id=217"},"modified":"2026-03-21T08:58:36","modified_gmt":"2026-03-21T08:58:36","slug":"ministere-de-limmigration","status":"publish","type":"page","link":"https:\/\/decodeur-anti-extreme.fr\/en\/ministere-de-limmigration\/","title":{"rendered":"Pourquoi mon site anti\u2011extr\u00eame devient Le Cercle des Passerelles"},"content":{"rendered":"<h3 class=\"wp-block-heading\"><em>\u201cQuand l\u2019a<\/em>Parce que lutter contre les extr\u00eames ne suffit pas. Il faut <strong>cr\u00e9er des espaces o\u00f9 l\u2019on se parle<\/strong>, o\u00f9 l\u2019on se comprend, o\u00f9 l\u2019on se respecte m\u00eame quand on n\u2019est pas d\u2019accord.<\/h3>\n\n\n\n<p>La discussion apaise parce qu\u2019elle ouvre des portes. La violence d\u00e9truit parce qu\u2019elle les claque.<\/p>\n\n\n\n<p>La parole relie. L\u2019insulte s\u00e9pare. L\u2019\u00e9coute r\u00e9pare. La col\u00e8re brute fracture.<\/p>\n\n\n\n<p>Les extr\u00eames prosp\u00e8rent l\u00e0 o\u00f9 les gens ne se parlent plus. Les passerelles naissent l\u00e0 o\u00f9 l\u2019on accepte de se rencontrer.<\/p>\n\n\n\n<p><\/p>\n\n\n\n<blockquote class=\"wp-block-quote is-layout-flow wp-block-quote-is-layout-flow\">\n<p><\/p>\n<\/blockquote>\n\n\n\n<p><\/p>","protected":false},"excerpt":{"rendered":"<p>\u201cQuand l\u2019aParce que lutter contre les extr\u00eames ne suffit pas. Il faut cr\u00e9er des espaces o\u00f9 l\u2019on se parle, o\u00f9 l\u2019on se comprend, o\u00f9 l\u2019on se respecte m\u00eame quand on n\u2019est pas d\u2019accord. La discussion apaise parce qu\u2019elle ouvre des portes. La violence d\u00e9truit parce qu\u2019elle les claque. La parole relie. L\u2019insulte s\u00e9pare. L\u2019\u00e9coute r\u00e9pare. [&hellip;]<\/p>\n","protected":false},"author":1,"featured_media":0,"parent":0,"menu_order":0,"comment_status":"closed","ping_status":"closed","template":"","meta":{"_seopress_robots_primary_cat":"","_seopress_titles_title":"","_seopress_titles_desc":"","_seopress_robots_index":"","_uf_show_specific_survey":0,"_uf_disable_surveys":false,"footnotes":""},"class_list":["post-217","page","type-page","status-publish","hentry"],"blocksy_meta":[],"_hostinger_reach_plugin_has_subscription_block":false,"_hostinger_reach_plugin_is_elementor":false,"_links":{"self":[{"href":"https:\/\/decodeur-anti-extreme.fr\/en\/wp-json\/wp\/v2\/pages\/217","targetHints":{"allow":["GET"]}}],"collection":[{"href":"https:\/\/decodeur-anti-extreme.fr\/en\/wp-json\/wp\/v2\/pages"}],"about":[{"href":"https:\/\/decodeur-anti-extreme.fr\/en\/wp-json\/wp\/v2\/types\/page"}],"author":[{"embeddable":true,"href":"https:\/\/decodeur-anti-extreme.fr\/en\/wp-json\/wp\/v2\/users\/1"}],"replies":[{"embeddable":true,"href":"https:\/\/decodeur-anti-extreme.fr\/en\/wp-json\/wp\/v2\/comments?post=217"}],"version-history":[{"count":3,"href":"https:\/\/decodeur-anti-extreme.fr\/en\/wp-json\/wp\/v2\/pages\/217\/revisions"}],"predecessor-version":[{"id":398,"href":"https:\/\/decodeur-anti-extreme.fr\/en\/wp-json\/wp\/v2\/pages\/217\/revisions\/398"}],"wp:attachment":[{"href":"https:\/\/decodeur-anti-extreme.fr\/en\/wp-json\/wp\/v2\/media?parent=217"}],"curies":[{"name":"wp","href":"https:\/\/api.w.org\/{rel}","templated":true}]}}