{"id":224,"date":"2026-01-25T16:32:43","date_gmt":"2026-01-25T16:32:43","guid":{"rendered":"https:\/\/decodeur-anti-extreme.fr\/?page_id=224"},"modified":"2026-03-19T19:14:15","modified_gmt":"2026-03-19T19:14:15","slug":"francais-de-souche","status":"publish","type":"page","link":"https:\/\/decodeur-anti-extreme.fr\/en\/decodeur-moqueur__trashed\/francais-de-souche\/","title":{"rendered":"De la souche aux passerelles"},"content":{"rendered":"<h3 class=\"wp-block-heading\"><em>\u201c : comprendre pour mieux se rassembler\u201d<\/em><\/h3>\n\n\n\n<p>Mes amis, Si nous avons cr\u00e9\u00e9 le Cercle des Passerelles, c\u2019est pour sortir des mots qui blessent, des \u00e9tiquettes qui enferment, et des concepts qui divisent. Et parmi ces concepts, il y en a un qui revient souvent dans le d\u00e9bat public : <strong>le fameux \u201cFran\u00e7ais de souche\u201d<\/strong>.<\/p>\n\n\n\n<p>Alors permettez-moi un instant de sourire avec vous, parce que ce terme ressemble davantage \u00e0 un personnage de bande dessin\u00e9e qu\u2019\u00e0 une r\u00e9alit\u00e9 sociale.<\/p>\n\n\n\n<p>On nous parle d\u2019une \u201csouche\u201d, comme si chacun d\u2019entre nous devait prouver qu\u2019il descend d\u2019un ch\u00eane mill\u00e9naire, plant\u00e9 quelque part entre un dolmen, Ast\u00e9rix et une baguette tradition. Mais quand on ouvre un livre d\u2019histoire, on d\u00e9couvre que la France, depuis deux mille ans, c\u2019est un carrefour, un port, un pont, un m\u00e9lange permanent. Des Celtes aux Romains, des Francs aux Vikings, des Italiens aux Polonais, des Arm\u00e9niens aux Portugais, des Maghr\u00e9bins aux Espagnols\u2026 La France, c\u2019est un tissage. Pas une racine unique.<\/p>\n\n\n\n<p>Et puis, il y a le droit fran\u00e7ais, ce grand pragmatique : il ne conna\u00eet que des citoyens. Pas des ch\u00eanes, pas des bouleaux, pas des \u201csouches\u201d. \u00catre Fran\u00e7ais, c\u2019est une affaire de loi, de volont\u00e9, de projet commun. Pas de chlorophylle identitaire.<\/p>\n\n\n\n<p>Alors pourquoi cette expression revient-elle encore\u202f? Parce qu\u2019elle sert \u00e0 fabriquer un \u201cnous\u201d imaginaire et un \u201ceux\u201d tr\u00e8s pratique. Un mur. Une fronti\u00e8re. Une s\u00e9paration.<\/p>\n\n\n\n<p>Et c\u2019est pr\u00e9cis\u00e9ment ce que nous refusons.<\/p>\n\n\n\n<p>Au Cercle des Passerelles, nous croyons que <strong>la France n\u2019a jamais avanc\u00e9 en dressant des murs, mais en construisant des ponts<\/strong>. Nous croyons que <strong>la richesse d\u2019un pays ne vient pas de la puret\u00e9 d\u2019une souche, mais de la vitalit\u00e9 de ses branches<\/strong>. Nous croyons que <strong>la diversit\u00e9 n\u2019est pas une menace : c\u2019est notre histoire, notre r\u00e9alit\u00e9, et notre force<\/strong>.<\/p>\n\n\n\n<p>Alors oui, nous pouvons sourire de ce concept imaginaire. Mais surtout, nous pouvons le d\u00e9passer. Nous pouvons choisir de regarder ce qui nous relie plut\u00f4t que ce qui nous s\u00e9pare. Nous pouvons choisir la rencontre plut\u00f4t que la m\u00e9fiance. Nous pouvons choisir les passerelles plut\u00f4t que les souches.<\/p>\n\n\n\n<p>Parce que la France r\u00e9elle, la France vivante, la France qui avance, c\u2019est celle qui m\u00e9lange, qui accueille, qui transforme, qui invente. Et c\u2019est cette France-l\u00e0 que nous voulons servir.<\/p>","protected":false},"excerpt":{"rendered":"<p>\u201c : comprendre pour mieux se rassembler\u201d Mes amis, Si nous avons cr\u00e9\u00e9 le Cercle des Passerelles, c\u2019est pour sortir des mots qui blessent, des \u00e9tiquettes qui enferment, et des concepts qui divisent. Et parmi ces concepts, il y en a un qui revient souvent dans le d\u00e9bat public : le fameux \u201cFran\u00e7ais de souche\u201d. [&hellip;]<\/p>\n","protected":false},"author":1,"featured_media":0,"parent":8,"menu_order":0,"comment_status":"closed","ping_status":"closed","template":"","meta":{"_seopress_robots_primary_cat":"","_seopress_titles_title":"","_seopress_titles_desc":"","_seopress_robots_index":"","_uf_show_specific_survey":0,"_uf_disable_surveys":false,"footnotes":""},"class_list":["post-224","page","type-page","status-publish","hentry"],"blocksy_meta":[],"_hostinger_reach_plugin_has_subscription_block":false,"_hostinger_reach_plugin_is_elementor":false,"_links":{"self":[{"href":"https:\/\/decodeur-anti-extreme.fr\/en\/wp-json\/wp\/v2\/pages\/224","targetHints":{"allow":["GET"]}}],"collection":[{"href":"https:\/\/decodeur-anti-extreme.fr\/en\/wp-json\/wp\/v2\/pages"}],"about":[{"href":"https:\/\/decodeur-anti-extreme.fr\/en\/wp-json\/wp\/v2\/types\/page"}],"author":[{"embeddable":true,"href":"https:\/\/decodeur-anti-extreme.fr\/en\/wp-json\/wp\/v2\/users\/1"}],"replies":[{"embeddable":true,"href":"https:\/\/decodeur-anti-extreme.fr\/en\/wp-json\/wp\/v2\/comments?post=224"}],"version-history":[{"count":2,"href":"https:\/\/decodeur-anti-extreme.fr\/en\/wp-json\/wp\/v2\/pages\/224\/revisions"}],"predecessor-version":[{"id":342,"href":"https:\/\/decodeur-anti-extreme.fr\/en\/wp-json\/wp\/v2\/pages\/224\/revisions\/342"}],"up":[{"embeddable":true,"href":"https:\/\/decodeur-anti-extreme.fr\/en\/wp-json\/wp\/v2\/pages\/8"}],"wp:attachment":[{"href":"https:\/\/decodeur-anti-extreme.fr\/en\/wp-json\/wp\/v2\/media?parent=224"}],"curies":[{"name":"wp","href":"https:\/\/api.w.org\/{rel}","templated":true}]}}