{"id":23,"date":"2026-01-14T09:39:13","date_gmt":"2026-01-14T09:39:13","guid":{"rendered":"https:\/\/decodeur-anti-extreme.fr\/?page_id=23"},"modified":"2026-03-19T20:14:22","modified_gmt":"2026-03-19T20:14:22","slug":"comprendre-demeler-agir","status":"publish","type":"page","link":"https:\/\/decodeur-anti-extreme.fr\/en\/decodeur-moqueur__trashed\/comprendre-demeler-agir\/","title":{"rendered":"comprendre, d\u00e9m\u00ealer, agir"},"content":{"rendered":"<hr class=\"wp-block-separator has-alpha-channel-opacity\"\/>\n\n\n\n<hr class=\"wp-block-separator has-alpha-channel-opacity\"\/>\n\n\n\n<p>Comprendre. D\u00e9m\u00ealer. Agir.<br>Un espace citoyen pour lutter contre les extr\u00eames, la d\u00e9sinformation et les manipulations qui ab\u00eement nos vies et notre d\u00e9mocratie.<\/p>\n\n\n\n<hr class=\"wp-block-separator has-alpha-channel-opacity\"\/>\n\n\n\n<p>Pourquoi ce site<br>Parce qu\u2019on m\u00e9rite mieux que la peur, les mensonges et les discours qui divisent.<br>Ici, on explique simplement, on \u00e9claire, on outille. Sans stigmatiser, sans moraliser.<\/p>\n\n\n\n<p>Ce que vous trouverez<\/p>\n\n\n\n<ul class=\"wp-block-list\">\n<li>Des analyses claires pour comprendre les m\u00e9canismes de manipulation<\/li>\n\n\n\n<li>Des outils pour v\u00e9rifier une information<\/li>\n\n\n\n<li>Des d\u00e9cryptages accessibles<\/li>\n\n\n\n<li>Des pistes pour agir et recr\u00e9er du dialogue<\/li>\n<\/ul>\n\n\n\n<hr class=\"wp-block-separator has-alpha-channel-opacity\"\/>\n\n\n\n<hr class=\"wp-block-separator has-alpha-channel-opacity\"\/>\n\n\n\n<p>Agir ensemble<br>La d\u00e9mocratie se d\u00e9fend par la connaissance, la nuance et la solidarit\u00e9.<br>Chaque visite est un pas vers plus de lucidit\u00e9 collective.<\/p>\n\n\n\n<hr class=\"wp-block-separator has-alpha-channel-opacity\"\/>\n\n\n\n<hr class=\"wp-block-separator has-alpha-channel-opacity\"\/>\n\n\n\n<p>Derniers articles<br>(WordPress affichera automatiquement les publications r\u00e9centes)<\/p>\n\n\n\n<hr class=\"wp-block-separator has-alpha-channel-opacity\"\/>\n\n\n\n<hr class=\"wp-block-separator has-alpha-channel-opacity\"\/>\n\n\n\n<p>\u00c0 propos<br>Un projet citoyen, ind\u00e9pendant, d\u00e9di\u00e9 \u00e0 la v\u00e9rit\u00e9, \u00e0 la dignit\u00e9 et \u00e0 la pr\u00e9vention des d\u00e9rives extr\u00eames.<\/p>","protected":false},"excerpt":{"rendered":"<p>Comprendre. D\u00e9m\u00ealer. Agir.Un espace citoyen pour lutter contre les extr\u00eames, la d\u00e9sinformation et les manipulations qui ab\u00eement nos vies et notre d\u00e9mocratie. Pourquoi ce siteParce qu\u2019on m\u00e9rite mieux que la peur, les mensonges et les discours qui divisent.Ici, on explique simplement, on \u00e9claire, on outille. Sans stigmatiser, sans moraliser. Ce que vous trouverez Agir ensembleLa [&hellip;]<\/p>\n","protected":false},"author":1,"featured_media":0,"parent":8,"menu_order":0,"comment_status":"closed","ping_status":"closed","template":"","meta":{"_seopress_robots_primary_cat":"","_seopress_titles_title":"","_seopress_titles_desc":"","_seopress_robots_index":"","_uf_show_specific_survey":0,"_uf_disable_surveys":false,"footnotes":""},"class_list":["post-23","page","type-page","status-publish","hentry"],"blocksy_meta":[],"_hostinger_reach_plugin_has_subscription_block":false,"_hostinger_reach_plugin_is_elementor":false,"_links":{"self":[{"href":"https:\/\/decodeur-anti-extreme.fr\/en\/wp-json\/wp\/v2\/pages\/23","targetHints":{"allow":["GET"]}}],"collection":[{"href":"https:\/\/decodeur-anti-extreme.fr\/en\/wp-json\/wp\/v2\/pages"}],"about":[{"href":"https:\/\/decodeur-anti-extreme.fr\/en\/wp-json\/wp\/v2\/types\/page"}],"author":[{"embeddable":true,"href":"https:\/\/decodeur-anti-extreme.fr\/en\/wp-json\/wp\/v2\/users\/1"}],"replies":[{"embeddable":true,"href":"https:\/\/decodeur-anti-extreme.fr\/en\/wp-json\/wp\/v2\/comments?post=23"}],"version-history":[{"count":3,"href":"https:\/\/decodeur-anti-extreme.fr\/en\/wp-json\/wp\/v2\/pages\/23\/revisions"}],"predecessor-version":[{"id":360,"href":"https:\/\/decodeur-anti-extreme.fr\/en\/wp-json\/wp\/v2\/pages\/23\/revisions\/360"}],"up":[{"embeddable":true,"href":"https:\/\/decodeur-anti-extreme.fr\/en\/wp-json\/wp\/v2\/pages\/8"}],"wp:attachment":[{"href":"https:\/\/decodeur-anti-extreme.fr\/en\/wp-json\/wp\/v2\/media?parent=23"}],"curies":[{"name":"wp","href":"https:\/\/api.w.org\/{rel}","templated":true}]}}