{"id":248,"date":"2026-01-30T15:16:55","date_gmt":"2026-01-30T15:16:55","guid":{"rendered":"https:\/\/decodeur-anti-extreme.fr\/?page_id=248"},"modified":"2026-01-30T15:17:41","modified_gmt":"2026-01-30T15:17:41","slug":"soutenir-la-police-oui-servir-de-vitrine-a-lextreme-droite","status":"publish","type":"page","link":"https:\/\/decodeur-anti-extreme.fr\/en\/decodeur-moqueur__trashed\/comprendre-demeler-agir\/soutenir-la-police-oui-servir-de-vitrine-a-lextreme-droite\/","title":{"rendered":"Soutenir la police, oui. Servir de vitrine \u00e0 l\u2019extr\u00eame droite"},"content":{"rendered":"<p>\u270a\ud83c\uddeb\ud83c\uddf7 <strong>Soutenir la police, oui. Servir de vitrine \u00e0 l\u2019extr\u00eame droite, non.<br>Demain, on nous appelle \u00e0 \u201csoutenir nos policiers\u201d.<\/strong><br>Tr\u00e8s bien. Soutenir, c\u2019est d\u00e9fendre leurs conditions de travail, leurs moyens, leur s\u00e9curit\u00e9.<br>C\u2019est reconna\u00eetre un service public essentiel, souvent sous pression, souvent en sous-effectif.<br>Mais se faire r\u00e9cup\u00e9rer politiquement, c\u2019est non.<br>La police n\u2019appartient \u00e0 aucun parti.<br>Encore moins \u00e0 ceux qui instrumentalisent son malaise pour pousser leur agenda.<br>Et franchement, marre de cette extr\u00eame droite qui se prend pour le sauveur.<br>Toujours la m\u00eame mise en sc\u00e8ne :<br>\u2013 se poser en protecteurs du peuple,<br>\u2013 d\u00e9signer des ennemis imaginaires,<br>\u2013 r\u00e9cup\u00e9rer chaque crise pour se faire passer pour la solution.<br>La r\u00e9alit\u00e9, c\u2019est qu\u2019ils ne sauvent personne.<br>Ils divisent, ils attisent, ils r\u00e9cup\u00e8rent.<\/p>\n\n\n\n<p>\u270a <strong>La police d\u00e9fend la d\u00e9mocratie\u2026 mais ne doit jamais devenir l\u2019outil d\u2019un extr\u00eame<\/strong><br>Oui, la police joue un r\u00f4le crucial quand la d\u00e9mocratie est menac\u00e9e par des forces extr\u00eames.<br>Mais ce r\u00f4le n\u2019appartient \u00e0 aucun camp politique.<br>La police prot\u00e8ge la R\u00e9publique, pas une id\u00e9ologie.<br>\ud83d\udc49 On peut soutenir les policiers sans marcher derri\u00e8re l\u2019extr\u00eame droite.<br>\ud83d\udc49 On peut d\u00e9fendre le service public sans se laisser manipuler.<\/p>\n\n\n\n<p>\ud83c\uddeb\ud83c\uddf7 Le vrai soutien, c\u2019est la R\u00e9publique. Pas la r\u00e9cup\u00e9ration.<br>Soutenir la police, c\u2019est d\u00e9fendre ses moyens, ses conditions de travail, sa mission r\u00e9publicaine.<br>Refuser la r\u00e9cup\u00e9ration, c\u2019est d\u00e9fendre la d\u00e9mocratie.<\/p>\n\n\n\n<figure class=\"wp-block-image size-full\"><img alt=\"\" decoding=\"async\" width=\"692\" height=\"610\" src=\"https:\/\/decodeur-anti-extreme.fr\/wp-content\/uploads\/2026\/01\/praud-et-vous.png\" class=\"wp-image-250\" srcset=\"https:\/\/decodeur-anti-extreme.fr\/wp-content\/uploads\/2026\/01\/praud-et-vous.png 692w, https:\/\/decodeur-anti-extreme.fr\/wp-content\/uploads\/2026\/01\/praud-et-vous-300x264.png 300w, https:\/\/decodeur-anti-extreme.fr\/wp-content\/uploads\/2026\/01\/praud-et-vous-340x300.png 340w\" sizes=\"(max-width: 692px) 100vw, 692px\" \/><\/figure>","protected":false},"excerpt":{"rendered":"<p>\u270a\ud83c\uddeb\ud83c\uddf7 Soutenir la police, oui. Servir de vitrine \u00e0 l\u2019extr\u00eame droite, non.Demain, on nous appelle \u00e0 \u201csoutenir nos policiers\u201d.Tr\u00e8s bien. Soutenir, c\u2019est d\u00e9fendre leurs conditions de travail, leurs moyens, leur s\u00e9curit\u00e9.C\u2019est reconna\u00eetre un service public essentiel, souvent sous pression, souvent en sous-effectif.Mais se faire r\u00e9cup\u00e9rer politiquement, c\u2019est non.La police n\u2019appartient \u00e0 aucun parti.Encore moins \u00e0 [&hellip;]<\/p>\n","protected":false},"author":1,"featured_media":0,"parent":23,"menu_order":0,"comment_status":"closed","ping_status":"closed","template":"","meta":{"_seopress_robots_primary_cat":"","_seopress_titles_title":"","_seopress_titles_desc":"","_seopress_robots_index":"","_uf_show_specific_survey":0,"_uf_disable_surveys":false,"footnotes":""},"class_list":["post-248","page","type-page","status-publish","hentry"],"blocksy_meta":[],"_hostinger_reach_plugin_has_subscription_block":false,"_hostinger_reach_plugin_is_elementor":false,"_links":{"self":[{"href":"https:\/\/decodeur-anti-extreme.fr\/en\/wp-json\/wp\/v2\/pages\/248","targetHints":{"allow":["GET"]}}],"collection":[{"href":"https:\/\/decodeur-anti-extreme.fr\/en\/wp-json\/wp\/v2\/pages"}],"about":[{"href":"https:\/\/decodeur-anti-extreme.fr\/en\/wp-json\/wp\/v2\/types\/page"}],"author":[{"embeddable":true,"href":"https:\/\/decodeur-anti-extreme.fr\/en\/wp-json\/wp\/v2\/users\/1"}],"replies":[{"embeddable":true,"href":"https:\/\/decodeur-anti-extreme.fr\/en\/wp-json\/wp\/v2\/comments?post=248"}],"version-history":[{"count":2,"href":"https:\/\/decodeur-anti-extreme.fr\/en\/wp-json\/wp\/v2\/pages\/248\/revisions"}],"predecessor-version":[{"id":251,"href":"https:\/\/decodeur-anti-extreme.fr\/en\/wp-json\/wp\/v2\/pages\/248\/revisions\/251"}],"up":[{"embeddable":true,"href":"https:\/\/decodeur-anti-extreme.fr\/en\/wp-json\/wp\/v2\/pages\/23"}],"wp:attachment":[{"href":"https:\/\/decodeur-anti-extreme.fr\/en\/wp-json\/wp\/v2\/media?parent=248"}],"curies":[{"name":"wp","href":"https:\/\/api.w.org\/{rel}","templated":true}]}}