{"id":273,"date":"2026-02-15T16:56:29","date_gmt":"2026-02-15T16:56:29","guid":{"rendered":"https:\/\/decodeur-anti-extreme.fr\/?page_id=273"},"modified":"2026-03-19T18:05:10","modified_gmt":"2026-03-19T18:05:10","slug":"la-mort-et-la-violence-politique","status":"publish","type":"page","link":"https:\/\/decodeur-anti-extreme.fr\/en\/la-mort-et-la-violence-politique\/","title":{"rendered":"Rejoindre le Cercle des Passerelles"},"content":{"rendered":"<h2 class=\"wp-block-heading\">\u2728 Pourquoi s\u2019inscrire ?<\/h2>\n\n\n\n<p>Le Cercle des Passerelles rassemble celles et ceux qui veulent retisser les liens, apaiser les fractures et redonner du souffle \u00e0 la vie locale. S\u2019inscrire, c\u2019est choisir de participer \u00e0 un mouvement qui construit, relie et r\u00e9pare.<\/p>\n\n\n\n<div class=\"wp-block-contact-form-7-contact-form-selector\">\n<div class=\"wpcf7 no-js\" id=\"wpcf7-f123-o1\" lang=\"fr-FR\" dir=\"ltr\" data-wpcf7-id=\"123\">\n<div class=\"screen-reader-response\"><p role=\"status\" aria-live=\"polite\" aria-atomic=\"true\"><\/p> <ul><\/ul><\/div>\n<form action=\"\/en\/wp-json\/wp\/v2\/pages\/273#wpcf7-f123-o1\" method=\"post\" class=\"wpcf7-form init\" aria-label=\"Formulaire de contact\" novalidate=\"novalidate\" data-status=\"init\" data-trp-original-action=\"\/en\/wp-json\/wp\/v2\/pages\/273#wpcf7-f123-o1\">\n<fieldset class=\"hidden-fields-container\"><input type=\"hidden\" name=\"_wpcf7\" value=\"123\" \/><input type=\"hidden\" name=\"_wpcf7_version\" value=\"6.1.5\" \/><input type=\"hidden\" name=\"_wpcf7_locale\" value=\"fr_FR\" \/><input type=\"hidden\" name=\"_wpcf7_unit_tag\" value=\"wpcf7-f123-o1\" \/><input type=\"hidden\" name=\"_wpcf7_container_post\" value=\"0\" \/><input type=\"hidden\" name=\"_wpcf7_posted_data_hash\" value=\"\" \/>\n<\/fieldset>\n<p><label> Your name<br \/>\n<span class=\"wpcf7-form-control-wrap\" data-name=\"your-name\"><input size=\"40\" maxlength=\"400\" class=\"wpcf7-form-control wpcf7-text wpcf7-validates-as-required\" autocomplete=\"name\" aria-required=\"true\" aria-invalid=\"false\" value=\"\" type=\"text\" name=\"your-name\" \/><\/span> <\/label>\n<\/p>\n<p><label> Your email<br \/>\n<span class=\"wpcf7-form-control-wrap\" data-name=\"your-email\"><input size=\"40\" maxlength=\"400\" class=\"wpcf7-form-control wpcf7-email wpcf7-validates-as-required wpcf7-text wpcf7-validates-as-email\" autocomplete=\"email\" aria-required=\"true\" aria-invalid=\"false\" value=\"\" type=\"email\" name=\"your-email\" \/><\/span> <\/label>\n<\/p>\n<p><label> Subject<br \/>\n<span class=\"wpcf7-form-control-wrap\" data-name=\"your-subject\"><input size=\"40\" maxlength=\"400\" class=\"wpcf7-form-control wpcf7-text wpcf7-validates-as-required\" aria-required=\"true\" aria-invalid=\"false\" value=\"\" type=\"text\" name=\"your-subject\" \/><\/span> <\/label>\n<\/p>\n<p><label> Your message (optional)<br \/>\n<span class=\"wpcf7-form-control-wrap\" data-name=\"your-message\"><textarea cols=\"40\" rows=\"10\" maxlength=\"2000\" class=\"wpcf7-form-control wpcf7-textarea\" aria-invalid=\"false\" name=\"your-message\"><\/textarea><\/span> <\/label>\n<\/p>\n<p><input class=\"wpcf7-form-control wpcf7-submit has-spinner\" type=\"submit\" value=\"Submit\" \/>\n<\/p>\n<p><span class=\"wpcf7-form-control-wrap\" data-name=\"checkbox-314\"><span class=\"wpcf7-form-control wpcf7-checkbox\"><span class=\"wpcf7-list-item first\"><label><input type=\"checkbox\" name=\"checkbox-314[]\" value=\"Solidarit\u00e9 et entraide\" \/><span class=\"wpcf7-list-item-label\">Solidarit\u00e9 et entraide<\/span><\/label><\/span><span class=\"wpcf7-list-item\"><label><input type=\"checkbox\" name=\"checkbox-314[]\" value=\"Culture et transmission\" \/><span class=\"wpcf7-list-item-label\">Culture et transmission<\/span><\/label><\/span><span class=\"wpcf7-list-item\"><label><input type=\"checkbox\" name=\"checkbox-314[]\" value=\"Dialogue citoyen\" \/><span class=\"wpcf7-list-item-label\">Dialogue citoyen<\/span><\/label><\/span><span class=\"wpcf7-list-item\"><label><input type=\"checkbox\" name=\"checkbox-314[]\" value=\"Environnement et cadre de vie\" \/><span class=\"wpcf7-list-item-label\">Environnement et cadre de vie<\/span><\/label><\/span><span class=\"wpcf7-list-item\"><label><input type=\"checkbox\" name=\"checkbox-314[]\" value=\"Interg\u00e9n\u00e9rationnel\" \/><span class=\"wpcf7-list-item-label\">Interg\u00e9n\u00e9rationnel<\/span><\/label><\/span><span class=\"wpcf7-list-item\"><label><input type=\"checkbox\" name=\"checkbox-314[]\" value=\"Organisation d\u2019\u00e9v\u00e9nements\" \/><span class=\"wpcf7-list-item-label\">Organisation d\u2019\u00e9v\u00e9nements<\/span><\/label><\/span><span class=\"wpcf7-list-item last\"><label><input type=\"checkbox\" name=\"checkbox-314[]\" value=\"M\u00e9diation et \u00e9coute\" \/><span class=\"wpcf7-list-item-label\">M\u00e9diation et \u00e9coute<\/span><\/label><\/span><\/span><\/span>\n<\/p>\n<p><span class=\"wpcf7-form-control-wrap\" data-name=\"quiz-288\"><label><span class=\"wpcf7-quiz-label\">Je souhaite participer ponctuellement<\/span> <input size=\"40\" class=\"wpcf7-form-control wpcf7-quiz\" autocomplete=\"off\" aria-required=\"true\" aria-invalid=\"false\" type=\"text\" name=\"quiz-288\" \/><\/label><input type=\"hidden\" name=\"_wpcf7_quiz_answer_quiz-288\" value=\"a973cea35132bea90283716a83a23352\" \/><\/span>\n<\/p>\n<p><span class=\"wpcf7-form-control-wrap\" data-name=\"select-810\"><select class=\"wpcf7-form-control wpcf7-select\" aria-invalid=\"false\" name=\"select-810\"><option value=\"Je souhaite \u00eatre inform\u00e9 des actions\">Je souhaite \u00eatre inform\u00e9 des actions<\/option><option value=\"Je souhaite participer ponctuellement\">Je souhaite participer ponctuellement<\/option><option value=\"Je souhaite m\u2019impliquer r\u00e9guli\u00e8rement\">Je souhaite m\u2019impliquer r\u00e9guli\u00e8rement<\/option><option value=\"Je souhaite proposer des id\u00e9es ou projets\">Je souhaite proposer des id\u00e9es ou projets<\/option><\/select><\/span>\n<\/p><p style=\"display: none !important;\" class=\"akismet-fields-container\" data-prefix=\"_wpcf7_ak_\"><label>&#916;<textarea name=\"_wpcf7_ak_hp_textarea\" cols=\"45\" rows=\"8\" maxlength=\"100\"><\/textarea><\/label><input type=\"hidden\" id=\"ak_js_1\" name=\"_wpcf7_ak_js\" value=\"161\"\/><script>document.getElementById( \"ak_js_1\" ).setAttribute( \"value\", ( new Date() ).getTime() );<\/script><\/p><div class=\"wpcf7-response-output\" aria-hidden=\"true\"><\/div>\n<input type=\"hidden\" name=\"trp-form-language\" value=\"en\"\/><\/form>\n<\/div>\n<\/div>\n\n\n\n<ul class=\"wp-block-list\">\n<li><\/li>\n<\/ul>\n\n\n\n<h3 class=\"wp-block-heading\"><strong>Engagement \u00e9thique<\/strong><\/h3>\n\n\n\n<p>En rejoignant le Cercle des Passerelles, je m\u2019engage \u00e0 respecter :<\/p>\n\n\n\n<ul class=\"wp-block-list\">\n<li>la dignit\u00e9 du d\u00e9bat<\/li>\n\n\n\n<li>l\u2019\u00e9coute mutuelle<\/li>\n\n\n\n<li>la non-violence verbale<\/li>\n\n\n\n<li>l\u2019ind\u00e9pendance du mouvement<\/li>\n\n\n\n<li>la recherche de solutions plut\u00f4t que la confrontation<\/li>\n<\/ul>\n\n\n\n<p>\u2610 <strong>Je confirme mon adh\u00e9sion \u00e0 la charte des valeurs.<\/strong><\/p>\n\n\n\n<h2 class=\"wp-block-heading\">\ud83e\udd1d <strong>Ce que vous recevrez<\/strong><\/h2>\n\n\n\n<ul class=\"wp-block-list\">\n<li>Les invitations aux rencontres et ateliers<\/li>\n\n\n\n<li>Les informations sur les projets en cours<\/li>\n\n\n\n<li>La possibilit\u00e9 de proposer vos id\u00e9es<\/li>\n\n\n\n<li>Un espace o\u00f9 votre voix compte vraiment<\/li>\n<\/ul>\n\n\n\n<h2 class=\"wp-block-heading\">\ud83c\udf31 <strong>Ensemble, construisons des passerelles<\/strong><\/h2>\n\n\n\n<p>Chaque inscription est une pierre pos\u00e9e dans la reconstruction du lien social. Merci de rejoindre un mouvement qui choisit la confiance plut\u00f4t que la peur, la coop\u00e9ration plut\u00f4t que la division.<\/p>","protected":false},"excerpt":{"rendered":"<p>\u2728 Pourquoi s\u2019inscrire ? Le Cercle des Passerelles rassemble celles et ceux qui veulent retisser les liens, apaiser les fractures et redonner du souffle \u00e0 la vie locale. S\u2019inscrire, c\u2019est choisir de participer \u00e0 un mouvement qui construit, relie et r\u00e9pare. Engagement \u00e9thique En rejoignant le Cercle des Passerelles, je m\u2019engage \u00e0 respecter : \u2610 [&hellip;]<\/p>\n","protected":false},"author":1,"featured_media":0,"parent":0,"menu_order":0,"comment_status":"closed","ping_status":"closed","template":"","meta":{"_seopress_robots_primary_cat":"","_seopress_titles_title":"","_seopress_titles_desc":"","_seopress_robots_index":"","_uf_show_specific_survey":0,"_uf_disable_surveys":false,"footnotes":""},"class_list":["post-273","page","type-page","status-publish","hentry"],"blocksy_meta":[],"_hostinger_reach_plugin_has_subscription_block":false,"_hostinger_reach_plugin_is_elementor":false,"_links":{"self":[{"href":"https:\/\/decodeur-anti-extreme.fr\/en\/wp-json\/wp\/v2\/pages\/273","targetHints":{"allow":["GET"]}}],"collection":[{"href":"https:\/\/decodeur-anti-extreme.fr\/en\/wp-json\/wp\/v2\/pages"}],"about":[{"href":"https:\/\/decodeur-anti-extreme.fr\/en\/wp-json\/wp\/v2\/types\/page"}],"author":[{"embeddable":true,"href":"https:\/\/decodeur-anti-extreme.fr\/en\/wp-json\/wp\/v2\/users\/1"}],"replies":[{"embeddable":true,"href":"https:\/\/decodeur-anti-extreme.fr\/en\/wp-json\/wp\/v2\/comments?post=273"}],"version-history":[{"count":5,"href":"https:\/\/decodeur-anti-extreme.fr\/en\/wp-json\/wp\/v2\/pages\/273\/revisions"}],"predecessor-version":[{"id":333,"href":"https:\/\/decodeur-anti-extreme.fr\/en\/wp-json\/wp\/v2\/pages\/273\/revisions\/333"}],"wp:attachment":[{"href":"https:\/\/decodeur-anti-extreme.fr\/en\/wp-json\/wp\/v2\/media?parent=273"}],"curies":[{"name":"wp","href":"https:\/\/api.w.org\/{rel}","templated":true}]}}