{"id":392,"date":"2026-03-21T05:31:24","date_gmt":"2026-03-21T05:31:24","guid":{"rendered":"https:\/\/decodeur-anti-extreme.fr\/?page_id=392"},"modified":"2026-03-21T05:32:34","modified_gmt":"2026-03-21T05:32:34","slug":"392-2","status":"publish","type":"page","link":"https:\/\/decodeur-anti-extreme.fr\/en\/agir-ensemble\/392-2\/","title":{"rendered":"le danger d\u2019une homonymie philosophique"},"content":{"rendered":"<p>Il existe des armes silencieuses, plus discr\u00e8tes que les bombes et pourtant capables de fissurer des nations enti\u00e8res. Ce sont les mots. Pas les mots ordinaires, mais les mots <em>d\u00e9doubl\u00e9s<\/em>, <em>tordus<\/em>, <em>d\u00e9tourn\u00e9s<\/em> \u2014 ces mots qui semblent familiers mais qui n\u2019ont plus le m\u00eame sens selon celui qui les prononce. C\u2019est ce que l\u2019on peut appeler <strong>l\u2019homonymie philosophique<\/strong>, et son usage strat\u00e9gique est devenu l\u2019un des dangers majeurs de notre \u00e9poque.<\/p>\n\n\n\n<p>Dans les d\u00e9bats nationaux comme dans les tensions internationales, certains acteurs transforment les mots en outils de domination. Ils utilisent des termes universels \u2014 <em>libert\u00e9<\/em>, <em>peuple<\/em>, <em>identit\u00e9<\/em>, <em>s\u00e9curit\u00e9<\/em>, <em>tradition<\/em>, <em>progr\u00e8s<\/em> \u2014 mais en leur donnant un sens qui n\u2019a plus rien de commun avec celui que le public croit entendre. Le r\u00e9sultat est redoutable : on croit dialoguer, mais on ne fait que s\u2019affronter \u00e0 travers des significations incompatibles.<\/p>\n\n\n\n<p>Cette manipulation du langage n\u2019est pas un accident. C\u2019est une strat\u00e9gie. Car un mot qui change de sens peut changer une soci\u00e9t\u00e9.<\/p>\n\n\n\n<p>Quand un terme devient un drapeau, il cesse d\u2019\u00eatre un pont. Quand un concept devient un slogan, il cesse d\u2019\u00eatre un outil de pens\u00e9e. Quand un vocabulaire devient un territoire, il cesse d\u2019\u00eatre un espace commun.<\/p>\n\n\n\n<p>Et c\u2019est l\u00e0 que commence la radicalisation.<\/p>\n\n\n\n<p>La radicalisation ne na\u00eet pas seulement de discours extr\u00eames. Elle na\u00eet d\u2019un <strong>effondrement du langage partag\u00e9<\/strong>. Quand les mots ne relient plus, ils s\u00e9parent. Quand ils ne d\u00e9crivent plus, ils accusent. Quand ils ne servent plus \u00e0 comprendre, ils servent \u00e0 rallier ou \u00e0 exclure. L\u2019homonymie philosophique devient alors une arme : elle fabrique des camps, des identit\u00e9s oppos\u00e9es, des r\u00e9cits incompatibles.<\/p>\n\n\n\n<p>Le danger s\u2019aggrave encore lorsque le religieux est instrumentalis\u00e9. Car le religieux, par nature, touche \u00e0 l\u2019intime, au sacr\u00e9, \u00e0 l\u2019invisible. Lorsqu\u2019on lui applique les m\u00eames torsions s\u00e9mantiques que celles de la politique, on transforme des croyances en munitions symboliques. On cr\u00e9e des fractures profondes, parfois irr\u00e9versibles. On attise des peurs, on r\u00e9veille des m\u00e9moires bless\u00e9es, on fabrique des ennemis imaginaires.<\/p>\n\n\n\n<p>Et pendant que les mots s\u2019entrechoquent, la plan\u00e8te br\u00fble. Litt\u00e9ralement.<\/p>\n\n\n\n<p>Car un monde o\u00f9 les mots sont des armes est un monde incapable de se mettre d\u2019accord sur l\u2019essentiel : la paix, la justice, la protection du vivant, la survie collective. Comment affronter les d\u00e9fis climatiques, sociaux ou \u00e9conomiques si les mots qui devraient nous unir sont utilis\u00e9s pour nous diviser<\/p>\n\n\n\n<p>Face \u00e0 cela, le <strong>Cercle des Passerelles<\/strong> porte une conviction simple : <strong>r\u00e9parer les mots, c\u2019est r\u00e9parer le monde.<\/strong><\/p>\n\n\n\n<p>Redonner aux mots leur sens, c\u2019est redonner aux citoyens leur pouvoir. Clarifier les concepts, c\u2019est d\u00e9sarmer les discours qui manipulent. Retisser un langage commun, c\u2019est rouvrir la possibilit\u00e9 du dialogue, donc de la paix.<\/p>\n\n\n\n<p>Nous refusons de laisser les mots devenir des armes. Nous choisissons d\u2019en faire des passerelles.<\/p>\n\n\n\n<p>Parce que la d\u00e9mocratie commence par la clart\u00e9. Parce que la paix commence par le sens. Parce que l\u2019avenir commence par un langage que nous partageons vraiment.<\/p>","protected":false},"excerpt":{"rendered":"<p>Il existe des armes silencieuses, plus discr\u00e8tes que les bombes et pourtant capables de fissurer des nations enti\u00e8res. Ce sont les mots. Pas les mots ordinaires, mais les mots d\u00e9doubl\u00e9s, tordus, d\u00e9tourn\u00e9s \u2014 ces mots qui semblent familiers mais qui n\u2019ont plus le m\u00eame sens selon celui qui les prononce. C\u2019est ce que l\u2019on peut [&hellip;]<\/p>\n","protected":false},"author":1,"featured_media":0,"parent":16,"menu_order":0,"comment_status":"closed","ping_status":"closed","template":"","meta":{"_seopress_robots_primary_cat":"","_seopress_titles_title":"","_seopress_titles_desc":"","_seopress_robots_index":"","_uf_show_specific_survey":0,"_uf_disable_surveys":false,"footnotes":""},"class_list":["post-392","page","type-page","status-publish","hentry"],"blocksy_meta":[],"_hostinger_reach_plugin_has_subscription_block":false,"_hostinger_reach_plugin_is_elementor":false,"_links":{"self":[{"href":"https:\/\/decodeur-anti-extreme.fr\/en\/wp-json\/wp\/v2\/pages\/392","targetHints":{"allow":["GET"]}}],"collection":[{"href":"https:\/\/decodeur-anti-extreme.fr\/en\/wp-json\/wp\/v2\/pages"}],"about":[{"href":"https:\/\/decodeur-anti-extreme.fr\/en\/wp-json\/wp\/v2\/types\/page"}],"author":[{"embeddable":true,"href":"https:\/\/decodeur-anti-extreme.fr\/en\/wp-json\/wp\/v2\/users\/1"}],"replies":[{"embeddable":true,"href":"https:\/\/decodeur-anti-extreme.fr\/en\/wp-json\/wp\/v2\/comments?post=392"}],"version-history":[{"count":2,"href":"https:\/\/decodeur-anti-extreme.fr\/en\/wp-json\/wp\/v2\/pages\/392\/revisions"}],"predecessor-version":[{"id":394,"href":"https:\/\/decodeur-anti-extreme.fr\/en\/wp-json\/wp\/v2\/pages\/392\/revisions\/394"}],"up":[{"embeddable":true,"href":"https:\/\/decodeur-anti-extreme.fr\/en\/wp-json\/wp\/v2\/pages\/16"}],"wp:attachment":[{"href":"https:\/\/decodeur-anti-extreme.fr\/en\/wp-json\/wp\/v2\/media?parent=392"}],"curies":[{"name":"wp","href":"https:\/\/api.w.org\/{rel}","templated":true}]}}