{"id":482,"date":"2026-03-26T10:13:37","date_gmt":"2026-03-26T10:13:37","guid":{"rendered":"https:\/\/decodeur-anti-extreme.fr\/?page_id=482"},"modified":"2026-03-26T10:19:04","modified_gmt":"2026-03-26T10:19:04","slug":"le-cercle-des-passerelles","status":"publish","type":"page","link":"https:\/\/decodeur-anti-extreme.fr\/en\/agir-ensemble\/le-cercle-des-passerelles\/","title":{"rendered":"Pour que la culture reste un espace libre"},"content":{"rendered":"<h2 class=\"wp-block-heading\">Pour que la culture reste un espace libre<\/h2>\n\n\n\n<p><strong>Nous sommes des voix, des regards, des gestes.<\/strong> <strong>Des mots qui relient, des images qui \u00e9clairent.<\/strong> <strong>Des artistes, des penseurs, des r\u00eaveurs, des b\u00e2tisseurs de liens.<\/strong><\/p>\n\n\n\n<p>Dans un monde qui se fracture, o\u00f9 certains veulent choisir qui a le droit de cr\u00e9er, nous affirmons que <strong>la culture n\u2019appartient \u00e0 aucun pouvoir<\/strong>. Elle est le souffle commun, le miroir de nos diversit\u00e9s, le lieu o\u00f9 l\u2019on peut dire, contredire, imaginer, r\u00e9parer.<\/p>\n\n\n\n<p><strong>Le Cercle des Passerelles<\/strong> est n\u00e9 pour cela :<\/p>\n\n\n\n<ul class=\"wp-block-list\">\n<li>Pour d\u00e9fendre la libert\u00e9 artistique comme un bien commun.<\/li>\n\n\n\n<li>Pour relier les citoyens par l\u2019\u00e9motion, la pens\u00e9e, le d\u00e9bat digne.<\/li>\n\n\n\n<li>Pour que jamais un mur ne vienne s\u00e9parer les voix qui d\u00e9rangent de celles qui rassurent.<\/li>\n<\/ul>\n\n\n\n<p>Nous refusons la peur, l\u2019uniformit\u00e9, le tri des id\u00e9es. Nous croyons en la lumi\u00e8re des jardins libres, en la force des r\u00e9cits qui soignent, en la beaut\u00e9 des d\u00e9saccords qui ne d\u00e9truisent pas.<\/p>\n\n\n\n<p><strong>Rejoignez le cercle.<\/strong> <strong>Faites passerelle.<\/strong> <strong>Faites culture.<\/strong> <strong>Faites libert\u00e9.<\/strong><\/p>\n\n\n\n<iframe src=\"https:\/\/www.facebook.com\/plugins\/post.php?href=https%3A%2F%2Fwww.facebook.com%2FBFMTV%2Fposts%2Fpfbid02zjTxBooxA3bBU9dP4suceDT57fPLcK9A2zxqRkoeoBqL3Gka7eZk7RCny868HLJyl&#038;show_text=true&#038;width=500\" width=\"500\" height=\"590\" style=\"border:none;overflow:hidden\" scrolling=\"no\" frameborder=\"0\" allowfullscreen=\"true\" allow=\"autoplay; clipboard-write; encrypted-media; picture-in-picture; web-share\"><\/iframe>\n\n\n\n\n\n<p><\/p>","protected":false},"excerpt":{"rendered":"<p>Pour que la culture reste un espace libre Nous sommes des voix, des regards, des gestes. Des mots qui relient, des images qui \u00e9clairent. Des artistes, des penseurs, des r\u00eaveurs, des b\u00e2tisseurs de liens. Dans un monde qui se fracture, o\u00f9 certains veulent choisir qui a le droit de cr\u00e9er, nous affirmons que la culture [&hellip;]<\/p>\n","protected":false},"author":1,"featured_media":0,"parent":16,"menu_order":0,"comment_status":"closed","ping_status":"closed","template":"","meta":{"_seopress_robots_primary_cat":"","_seopress_titles_title":"","_seopress_titles_desc":"","_seopress_robots_index":"","_uf_show_specific_survey":0,"_uf_disable_surveys":false,"footnotes":""},"class_list":["post-482","page","type-page","status-publish","hentry"],"blocksy_meta":[],"_hostinger_reach_plugin_has_subscription_block":false,"_hostinger_reach_plugin_is_elementor":false,"_links":{"self":[{"href":"https:\/\/decodeur-anti-extreme.fr\/en\/wp-json\/wp\/v2\/pages\/482","targetHints":{"allow":["GET"]}}],"collection":[{"href":"https:\/\/decodeur-anti-extreme.fr\/en\/wp-json\/wp\/v2\/pages"}],"about":[{"href":"https:\/\/decodeur-anti-extreme.fr\/en\/wp-json\/wp\/v2\/types\/page"}],"author":[{"embeddable":true,"href":"https:\/\/decodeur-anti-extreme.fr\/en\/wp-json\/wp\/v2\/users\/1"}],"replies":[{"embeddable":true,"href":"https:\/\/decodeur-anti-extreme.fr\/en\/wp-json\/wp\/v2\/comments?post=482"}],"version-history":[{"count":2,"href":"https:\/\/decodeur-anti-extreme.fr\/en\/wp-json\/wp\/v2\/pages\/482\/revisions"}],"predecessor-version":[{"id":486,"href":"https:\/\/decodeur-anti-extreme.fr\/en\/wp-json\/wp\/v2\/pages\/482\/revisions\/486"}],"up":[{"embeddable":true,"href":"https:\/\/decodeur-anti-extreme.fr\/en\/wp-json\/wp\/v2\/pages\/16"}],"wp:attachment":[{"href":"https:\/\/decodeur-anti-extreme.fr\/en\/wp-json\/wp\/v2\/media?parent=482"}],"curies":[{"name":"wp","href":"https:\/\/api.w.org\/{rel}","templated":true}]}}