{"id":596,"date":"2026-04-15T18:27:14","date_gmt":"2026-04-15T18:27:14","guid":{"rendered":"https:\/\/decodeur-anti-extreme.fr\/?page_id=596"},"modified":"2026-04-15T18:27:16","modified_gmt":"2026-04-15T18:27:16","slug":"message-du-cercle-des-passerelles","status":"publish","type":"page","link":"https:\/\/decodeur-anti-extreme.fr\/en\/agir-ensemble\/message-du-cercle-des-passerelles\/","title":{"rendered":"Message du Cercle des Passerelles"},"content":{"rendered":"<figure class=\"wp-block-image aligncenter size-large is-resized\"><img alt=\"\" decoding=\"async\" width=\"683\" height=\"1024\" src=\"https:\/\/decodeur-anti-extreme.fr\/wp-content\/uploads\/2026\/04\/Copilot_20260412_155644-683x1024.png\" class=\"wp-image-577\" style=\"aspect-ratio:0.6670015067805123;width:299px;height:auto\" srcset=\"https:\/\/decodeur-anti-extreme.fr\/wp-content\/uploads\/2026\/04\/Copilot_20260412_155644-683x1024.png 683w, https:\/\/decodeur-anti-extreme.fr\/wp-content\/uploads\/2026\/04\/Copilot_20260412_155644-200x300.png 200w, https:\/\/decodeur-anti-extreme.fr\/wp-content\/uploads\/2026\/04\/Copilot_20260412_155644-768x1152.png 768w, https:\/\/decodeur-anti-extreme.fr\/wp-content\/uploads\/2026\/04\/Copilot_20260412_155644.png 1024w\" sizes=\"(max-width: 683px) 100vw, 683px\" \/><\/figure>\n\n\n\n<p>Ce qui est le plus grave, c\u2019est l\u2019inaction face \u00e0 la souffrance d\u2019un enfant Parce qu\u2019un enfant n\u2019a pas les moyens de se d\u00e9fendre. Parce qu\u2019un enfant ne peut pas appeler \u00e0 l\u2019aide seul. Parce qu\u2019un enfant d\u00e9pend enti\u00e8rement du courage des adultes autour de lui.<\/p>\n\n\n\n<p>Un exc\u00e8s de protection peut se corriger.<br>Un silence face \u00e0 la maltraitance peut d\u00e9truire une enfance.<\/p>\n\n\n\n<p>\u201cMerci \u00e0 celle qui a pr\u00e9venu\u2026 m\u00eame si c\u2019\u00e9tait tard pour l\u2019enfant\u201d**<\/p>\n\n\n\n<p>\u00ab Merci \u00e0 la femme qui a donn\u00e9 l\u2019alerte.<br>Merci d\u2019avoir os\u00e9, d\u2019avoir parl\u00e9, d\u2019avoir bris\u00e9 le silence.<br>Son geste a mis fin \u00e0 l\u2019enfermement d\u2019un enfant.<br>Et cela compte. Toujours. \u00bb<\/p>\n\n\n\n<p>Mais il faut aussi dire la v\u00e9rit\u00e9, sans accuser, sans blesser :<\/p>\n\n\n\n<p>Pour un enfant, chaque jour de souffrance est un jour de trop.<br>Chaque heure compte.<br>Chaque h\u00e9sitation p\u00e8se.<\/p>\n\n\n\n<p>Ce message n\u2019est pas l\u00e0 pour reprocher.<br>Il est l\u00e0 pour rappeler que voir et ne rien faire, m\u00eame par peur ou par doute, peut laisser un enfant seul face \u00e0 l\u2019inacceptable.<\/p>\n\n\n\n<p>La dame a agi.<br>Elle a fait ce que tant d\u2019autres n\u2019ont pas os\u00e9 faire.<br>Et gr\u00e2ce \u00e0 elle, un enfant a \u00e9t\u00e9 retrouv\u00e9 vivant.<\/p>\n\n\n\n<p>Mais pour la prochaine fois \u2014 pour un autre enfant, dans un autre village, derri\u00e8re une autre porte \u2014 nous devons tous retenir ceci :<\/p>\n\n\n\n<p>Quand quelque chose semble grave, quand un enfant para\u00eet en danger, il vaut mieux pr\u00e9venir trop t\u00f4t que trop tard.<br>Un simple appel peut sauver une vie.<\/p>","protected":false},"excerpt":{"rendered":"<p>Ce qui est le plus grave, c\u2019est l\u2019inaction face \u00e0 la souffrance d\u2019un enfant Parce qu\u2019un enfant n\u2019a pas les moyens de se d\u00e9fendre. Parce qu\u2019un enfant ne peut pas appeler \u00e0 l\u2019aide seul. Parce qu\u2019un enfant d\u00e9pend enti\u00e8rement du courage des adultes autour de lui. Un exc\u00e8s de protection peut se corriger.Un silence face [&hellip;]<\/p>\n","protected":false},"author":1,"featured_media":577,"parent":16,"menu_order":0,"comment_status":"closed","ping_status":"closed","template":"","meta":{"_seopress_robots_primary_cat":"","_seopress_titles_title":"","_seopress_titles_desc":"","_seopress_robots_index":"","_uf_show_specific_survey":0,"_uf_disable_surveys":false,"footnotes":""},"class_list":["post-596","page","type-page","status-publish","has-post-thumbnail","hentry"],"blocksy_meta":[],"_hostinger_reach_plugin_has_subscription_block":false,"_hostinger_reach_plugin_is_elementor":false,"_links":{"self":[{"href":"https:\/\/decodeur-anti-extreme.fr\/en\/wp-json\/wp\/v2\/pages\/596","targetHints":{"allow":["GET"]}}],"collection":[{"href":"https:\/\/decodeur-anti-extreme.fr\/en\/wp-json\/wp\/v2\/pages"}],"about":[{"href":"https:\/\/decodeur-anti-extreme.fr\/en\/wp-json\/wp\/v2\/types\/page"}],"author":[{"embeddable":true,"href":"https:\/\/decodeur-anti-extreme.fr\/en\/wp-json\/wp\/v2\/users\/1"}],"replies":[{"embeddable":true,"href":"https:\/\/decodeur-anti-extreme.fr\/en\/wp-json\/wp\/v2\/comments?post=596"}],"version-history":[{"count":1,"href":"https:\/\/decodeur-anti-extreme.fr\/en\/wp-json\/wp\/v2\/pages\/596\/revisions"}],"predecessor-version":[{"id":597,"href":"https:\/\/decodeur-anti-extreme.fr\/en\/wp-json\/wp\/v2\/pages\/596\/revisions\/597"}],"up":[{"embeddable":true,"href":"https:\/\/decodeur-anti-extreme.fr\/en\/wp-json\/wp\/v2\/pages\/16"}],"wp:featuredmedia":[{"embeddable":true,"href":"https:\/\/decodeur-anti-extreme.fr\/en\/wp-json\/wp\/v2\/media\/577"}],"wp:attachment":[{"href":"https:\/\/decodeur-anti-extreme.fr\/en\/wp-json\/wp\/v2\/media?parent=596"}],"curies":[{"name":"wp","href":"https:\/\/api.w.org\/{rel}","templated":true}]}}